{"id":1536,"date":"2023-01-27T15:53:58","date_gmt":"2023-01-27T18:53:58","guid":{"rendered":"https:\/\/bioseq.com.br\/?page_id=1536"},"modified":"2024-02-29T12:03:06","modified_gmt":"2024-02-29T15:03:06","slug":"cursos-e-treinamentos","status":"publish","type":"page","link":"https:\/\/bioseq.com.br\/index.php\/servicos\/cursos-e-treinamentos\/","title":{"rendered":"Cursos e treinamentos"},"content":{"rendered":"\n<p style=\"font-size:20px\">Oferecemos cursos e treinamentos especializados nas \u00e1reas de biologia molecular, gen\u00f4mica, transcript\u00f4mica, bioinform\u00e1tica e afins. <\/p>\n\n\n\n<p style=\"font-size:20px\">Abordamos desde conceitos b\u00e1sicos at\u00e9 avan\u00e7ados, tanto te\u00f3ricos quanto pr\u00e1ticos, sobre procedimentos laboratoriais e an\u00e1lise de dados. <\/p>\n\n\n\n<p style=\"font-size:20px\">O conte\u00fado espec\u00edfico de cada curso pode ser customizado de acordo com as suas necessidades. Abaixo listamos alguns dos t\u00f3picos que normalmente inclu\u00edmos em nossos treinamentos: <\/p>\n\n\n\n<div style=\"height:40px\" aria-hidden=\"true\" class=\"wp-block-spacer ticss-45e4abbd hideonmobile\"><\/div>\n\n\n<style>#kt-layout-id_d9456a-d0 > .kt-row-column-wrap{align-content:center;}:where(#kt-layout-id_d9456a-d0 > .kt-row-column-wrap) > .wp-block-kadence-column{justify-content:center;}#kt-layout-id_d9456a-d0 > .kt-row-column-wrap{column-gap:80px;row-gap:var(--global-kb-gap-md, 2rem);max-width:var( --global-content-width, 1290px );padding-left:var(--global-content-edge-padding);padding-right:var(--global-content-edge-padding);padding-top:var( --global-kb-row-default-top, 25px );padding-bottom:var( --global-kb-row-default-bottom, 25px );padding-top:0px;padding-bottom:0px;grid-template-columns:minmax(0, calc(73.1% - ((80px * 1 )\/2)))minmax(0, calc(26.9% - ((80px * 1 )\/2)));}#kt-layout-id_d9456a-d0{border-top-left-radius:0px;border-top-right-radius:0px;border-bottom-right-radius:0px;border-bottom-left-radius:0px;}#kt-layout-id_d9456a-d0 > .kt-row-layout-overlay{opacity:0.30;}#kt-layout-id_d9456a-d0 .kt-row-layout-bottom-sep{height:100px;}#kt-layout-id_d9456a-d0 .kt-row-layout-bottom-sep svg{width:100%;}#kt-layout-id_d9456a-d0 .kt-row-layout-bottom-sep svg{fill:#ffffff!important;}@media all and (max-width: 1024px){#kt-layout-id_d9456a-d0 > .kt-row-column-wrap{grid-template-columns:repeat(2, minmax(0, 1fr));}}@media all and (max-width: 1024px){#kt-layout-id_d9456a-d0 .kt-row-layout-bottom-sep{height:px;}}@media all and (max-width: 1024px){#kt-layout-id_d9456a-d0 .kt-row-layout-bottom-sep svg{width:%;}}@media all and (max-width: 767px){#kt-layout-id_d9456a-d0 > .kt-row-column-wrap{padding-top:30px;grid-template-columns:minmax(0, 1fr);}#kt-layout-id_d9456a-d0 .kt-row-layout-bottom-sep{height:px;}#kt-layout-id_d9456a-d0 .kt-row-layout-bottom-sep svg{width:%;}}<\/style>\n<div class=\"wp-block-kadence-rowlayout alignnone\"><div id=\"kt-layout-id_d9456a-d0\" class=\"kt-row-layout-inner kt-layout-id_d9456a-d0\"><div class=\"kt-row-column-wrap kt-has-2-columns kt-gutter-widest kt-v-gutter-default kt-row-valign-middle kt-row-layout-equal kt-tab-layout-inherit kt-m-colapse-left-to-right kt-mobile-layout-row  kt-custom-first-width-73.1  kt-custom-second-width-26.9 kb-theme-content-width\"><style>.kadence-column_0e2f7a-28 > .kt-inside-inner-col{border-top-width:0px;border-right-width:0px;border-bottom-width:0px;border-left-width:0px;}.kadence-column_0e2f7a-28 > .kt-inside-inner-col,.kadence-column_0e2f7a-28 > .kt-inside-inner-col:before{border-top-left-radius:0px;border-top-right-radius:0px;border-bottom-right-radius:0px;border-bottom-left-radius:0px;}.kadence-column_0e2f7a-28 > .kt-inside-inner-col{column-gap:var(--global-kb-gap-sm, 1rem);}.kadence-column_0e2f7a-28 > .kt-inside-inner-col{flex-direction:column;}.kadence-column_0e2f7a-28 > .kt-inside-inner-col > .aligncenter{width:100%;}.kadence-column_0e2f7a-28 > .kt-inside-inner-col:before{opacity:0.3;}.kadence-column_0e2f7a-28{position:relative;}@media all and (max-width: 1024px){.kadence-column_0e2f7a-28 > .kt-inside-inner-col{flex-direction:column;justify-content:center;}}@media all and (max-width: 767px){.kadence-column_0e2f7a-28 > .kt-inside-inner-col{flex-direction:column;justify-content:center;}}<\/style>\n<div class=\"wp-block-kadence-column inner-column-1 kadence-column_0e2f7a-28\"><div class=\"kt-inside-inner-col\">\n<div class=\"wp-block-columns is-layout-flex wp-container-core-columns-is-layout-9d6595d7 wp-block-columns-is-layout-flex\">\n<div class=\"wp-block-column is-layout-flow wp-block-column-is-layout-flow\" style=\"flex-basis:100%\">\n<div class=\"wp-block-group\"><div class=\"wp-block-group__inner-container is-layout-constrained wp-block-group-is-layout-constrained\">\n<div class=\"wp-block-columns is-layout-flex wp-container-core-columns-is-layout-9d6595d7 wp-block-columns-is-layout-flex\">\n<div class=\"wp-block-column is-layout-flow wp-block-column-is-layout-flow\" style=\"flex-basis:100%\"><style>#kt-layout-id_265871-de > .kt-row-column-wrap{align-content:start;}:where(#kt-layout-id_265871-de > .kt-row-column-wrap) > .wp-block-kadence-column{justify-content:start;}#kt-layout-id_265871-de > .kt-row-column-wrap{column-gap:var(--global-kb-gap-md, 2rem);row-gap:var(--global-kb-gap-none, 0rem );padding-top:var( --global-kb-row-default-top, 25px );padding-bottom:var( --global-kb-row-default-bottom, 25px );padding-top:0px;padding-bottom:0px;grid-template-columns:minmax(0, 1fr);}#kt-layout-id_265871-de > .kt-row-layout-overlay{opacity:0.30;}@media all and (max-width: 1024px){#kt-layout-id_265871-de > .kt-row-column-wrap{grid-template-columns:minmax(0, 1fr);}}@media all and (max-width: 767px){#kt-layout-id_265871-de > .kt-row-column-wrap{grid-template-columns:minmax(0, 1fr);}}<\/style>\n<div class=\"wp-block-kadence-rowlayout alignnone\"><div id=\"kt-layout-id_265871-de\" class=\"kt-row-layout-inner kt-layout-id_265871-de\"><div class=\"kt-row-column-wrap kt-has-1-columns kt-gutter-default kt-v-gutter-none kt-row-valign-top kt-row-layout-equal kt-tab-layout-inherit kt-m-colapse-left-to-right kt-mobile-layout-row\"><style>.kadence-column_90b3f1-fd > .kt-inside-inner-col{border-top-width:0px;border-right-width:0px;border-bottom-width:0px;border-left-width:0px;}.kadence-column_90b3f1-fd > .kt-inside-inner-col,.kadence-column_90b3f1-fd > .kt-inside-inner-col:before{border-top-left-radius:0px;border-top-right-radius:0px;border-bottom-right-radius:0px;border-bottom-left-radius:0px;}.kadence-column_90b3f1-fd > .kt-inside-inner-col{column-gap:var(--global-kb-gap-sm, 1rem);}.kadence-column_90b3f1-fd > .kt-inside-inner-col{flex-direction:column;}.kadence-column_90b3f1-fd > .kt-inside-inner-col > .aligncenter{width:100%;}.kadence-column_90b3f1-fd > .kt-inside-inner-col:before{opacity:0.3;}.kadence-column_90b3f1-fd{position:relative;}@media all and (max-width: 1024px){.kadence-column_90b3f1-fd > .kt-inside-inner-col{flex-direction:column;justify-content:center;}}@media all and (max-width: 767px){.kadence-column_90b3f1-fd > .kt-inside-inner-col{flex-direction:column;justify-content:center;}}<\/style>\n<div class=\"wp-block-kadence-column inner-column-1 kadence-column_90b3f1-fd\"><div class=\"kt-inside-inner-col\">\n<div class=\"wp-block-group\"><div class=\"wp-block-group__inner-container is-layout-constrained wp-block-group-is-layout-constrained\">\n<h2 class=\"wp-block-heading\">T\u00f3picos de bioinform\u00e1tica<\/h2>\n\n\n\n<ul class=\"wp-block-list\">\n<li>Linux<\/li>\n\n\n\n<li>Computa\u00e7\u00e3o em nuvem<\/li>\n\n\n\n<li>Servidores<\/li>\n\n\n\n<li>Uso de bancos de dados (NCBI, SILVA)<\/li>\n\n\n\n<li>An\u00e1lise de sequ\u00eancias gen\u00e9ticas<\/li>\n\n\n\n<li>BLAST e outras ferramentas online<\/li>\n\n\n\n<li>Identifica\u00e7\u00e3o taxon\u00f4mica com base em sequ\u00eancias gen\u00e9ticas<\/li>\n\n\n\n<li>Montagem e anota\u00e7\u00e3o de genomas<\/li>\n\n\n\n<li>Filogenia e filogen\u00f4mica<\/li>\n\n\n\n<li>Metagen\u00f4mica<\/li>\n\n\n\n<li>Transcript\u00f4mica<\/li>\n\n\n\n<li>Express\u00e3o g\u00eanica diferencial<\/li>\n<\/ul>\n\n\n\n<h2 class=\"wp-block-heading\">T\u00f3picos de biologia molecular<\/h2>\n\n\n\n<ul class=\"wp-block-list\">\n<li>Conceitos te\u00f3ricos sobre sequenciamento gen\u00e9tico<\/li>\n\n\n\n<li>Tecnologias de sequenciamento e as particularidades e indica\u00e7\u00f5es de cada uma<\/li>\n\n\n\n<li>Treinamento te\u00f3rico-pr\u00e1tico em rotinas laboratoriais, incluindo:\n<ul class=\"wp-block-list\">\n<li>Controle de qualidade de amostras<\/li>\n\n\n\n<li>Amplifica\u00e7\u00e3o de genes de interesse<\/li>\n\n\n\n<li>Prepara\u00e7\u00e3o de amostras para sequenciamento<\/li>\n\n\n\n<li>Sequenciamento gen\u00e9tico<\/li>\n<\/ul>\n<\/li>\n<\/ul>\n\n\n\n<h2 class=\"wp-block-heading\">Fundamentos te\u00f3ricos em gen\u00e9tica e gen\u00f4mica<\/h2>\n\n\n\n<ul class=\"wp-block-list\">\n<li>Conceitos fundamentais:\n<ul class=\"wp-block-list\">\n<li>o c\u00f3digo gen\u00e9tico (DNA, RNA) <\/li>\n\n\n\n<li>s\u00edntese prot\u00e9ica <\/li>\n\n\n\n<li>genes, alelos, ploidia<\/li>\n\n\n\n<li>duplica\u00e7\u00e3o do material gen\u00e9tico <\/li>\n\n\n\n<li>muta\u00e7\u00f5es, duplica\u00e7\u00e3o g\u00eanica, inser\u00e7\u00f5es<\/li>\n<\/ul>\n<\/li>\n\n\n\n<li>Estrutura g\u00eanica em procariotos e eucariotos<\/li>\n\n\n\n<li>Express\u00e3o g\u00eanica&nbsp;<\/li>\n\n\n\n<li>Elementos gen\u00e9ticos m\u00f3veis (transposons e outros) <\/li>\n<\/ul>\n<\/div><\/div>\n<\/div><\/div>\n<\/div><\/div><\/div>\n<\/div>\n<\/div>\n<\/div><\/div>\n<\/div>\n<\/div>\n<\/div><\/div>\n\n\n<style>.kadence-column_64ada6-90 > .kt-inside-inner-col{display:flex;}.kadence-column_64ada6-90 > .kt-inside-inner-col{border-top-width:0px;border-right-width:0px;border-bottom-width:0px;border-left-width:0px;}.kadence-column_64ada6-90 > .kt-inside-inner-col,.kadence-column_64ada6-90 > .kt-inside-inner-col:before{border-top-left-radius:0px;border-top-right-radius:0px;border-bottom-right-radius:0px;border-bottom-left-radius:0px;}.kadence-column_64ada6-90 > .kt-inside-inner-col{column-gap:var(--global-kb-gap-sm, 1rem);}.kadence-column_64ada6-90 > .kt-inside-inner-col{flex-direction:column;justify-content:center;}.kadence-column_64ada6-90 > .kt-inside-inner-col > .aligncenter{width:100%;}.kt-row-column-wrap > .kadence-column_64ada6-90{align-self:center;}.kt-inner-column-height-full:not(.kt-has-1-columns) > .wp-block-kadence-column.kadence-column_64ada6-90{align-self:auto;}.kt-inner-column-height-full:not(.kt-has-1-columns) > .wp-block-kadence-column.kadence-column_64ada6-90 > .kt-inside-inner-col{flex-direction:column;justify-content:center;}.kadence-column_64ada6-90 > .kt-inside-inner-col:before{opacity:0.3;}.kadence-column_64ada6-90{position:relative;}@media all and (max-width: 1024px){.kt-row-column-wrap > .kadence-column_64ada6-90{align-self:center;}}@media all and (max-width: 1024px){.kt-inner-column-height-full:not(.kt-has-1-columns) > .wp-block-kadence-column.kadence-column_64ada6-90{align-self:auto;}}@media all and (max-width: 1024px){.kt-inner-column-height-full:not(.kt-has-1-columns) > .wp-block-kadence-column.kadence-column_64ada6-90 > .kt-inside-inner-col{flex-direction:column;justify-content:center;}}@media all and (max-width: 1024px){.kadence-column_64ada6-90 > .kt-inside-inner-col{flex-direction:column;justify-content:center;}}@media all and (max-width: 767px){.kt-row-column-wrap > .kadence-column_64ada6-90{align-self:center;}.kt-inner-column-height-full:not(.kt-has-1-columns) > .wp-block-kadence-column.kadence-column_64ada6-90{align-self:auto;}.kt-inner-column-height-full:not(.kt-has-1-columns) > .wp-block-kadence-column.kadence-column_64ada6-90 > .kt-inside-inner-col{flex-direction:column;justify-content:center;}.kadence-column_64ada6-90 > .kt-inside-inner-col{flex-direction:column;justify-content:center;}}<\/style>\n<div class=\"wp-block-kadence-column inner-column-2 kadence-column_64ada6-90\"><div class=\"kt-inside-inner-col\"><style>.wp-block-kadence-advancedgallery .kb-gallery-type-masonry.kb-gallery-id-_ac0435-21{margin:-5px;}.kb-gallery-type-masonry.kb-gallery-id-_ac0435-21 .kadence-blocks-gallery-item{padding:5px;}.kb-gallery-id-_ac0435-21 .kadence-blocks-gallery-item .kb-gal-image-radius, .kb-gallery-id-_ac0435-21 .kb-slide-item .kb-gal-image-radius img{border-radius:0px 0px 0px 0px;;}<\/style><div class=\"kb-gallery-wrap-id-_ac0435-21 alignnone hideonmobile ticss-2bac0435 wp-block-kadence-advancedgallery\"><ul class=\"kb-gallery-ul kb-gallery-non-static kb-gallery-type-masonry kb-masonry-init kb-gallery-id-_ac0435-21 kb-gallery-caption-style-bottom-hover kb-gallery-filter-none\" data-image-filter=\"none\" data-item-selector=\".kadence-blocks-gallery-item\" data-lightbox-caption=\"true\" data-columns-xxl=\"1\" data-columns-xl=\"1\" data-columns-md=\"1\" data-columns-sm=\"1\" data-columns-xs=\"1\" data-columns-ss=\"1\"><li class=\"kadence-blocks-gallery-item\" tabindex=\"0\"><div class=\"kadence-blocks-gallery-item-inner\"><figure class=\"kb-gallery-figure kadence-blocks-gallery-item-hide-caption\"><div class=\"kb-gal-image-radius\" style=\"max-width:2560px;\"><div class=\"kb-gallery-image-contain kadence-blocks-gallery-intrinsic\" style=\"padding-bottom:66%;\"><img decoding=\"async\" data-src=\"https:\/\/bioseq.com.br\/wp-content\/uploads\/2023\/01\/shahadat-rahman-BfrQnKBulYQ-unsplash-scaled.jpg\" width=\"2560\" height=\"1707\" alt=\"\" data-full-image=\"https:\/\/bioseq.com.br\/wp-content\/uploads\/2023\/01\/shahadat-rahman-BfrQnKBulYQ-unsplash-scaled.jpg\" data-light-image=\"https:\/\/bioseq.com.br\/wp-content\/uploads\/2023\/01\/shahadat-rahman-BfrQnKBulYQ-unsplash-scaled.jpg\" data-id=\"1615\" class=\"wp-image-1615 lazyload\" data-srcset=\"https:\/\/bioseq.com.br\/wp-content\/uploads\/2023\/01\/shahadat-rahman-BfrQnKBulYQ-unsplash-scaled.jpg 2560w, https:\/\/bioseq.com.br\/wp-content\/uploads\/2023\/01\/shahadat-rahman-BfrQnKBulYQ-unsplash-300x200.jpg 300w, https:\/\/bioseq.com.br\/wp-content\/uploads\/2023\/01\/shahadat-rahman-BfrQnKBulYQ-unsplash-1024x683.jpg 1024w, https:\/\/bioseq.com.br\/wp-content\/uploads\/2023\/01\/shahadat-rahman-BfrQnKBulYQ-unsplash-768x512.jpg 768w, https:\/\/bioseq.com.br\/wp-content\/uploads\/2023\/01\/shahadat-rahman-BfrQnKBulYQ-unsplash-1536x1024.jpg 1536w, https:\/\/bioseq.com.br\/wp-content\/uploads\/2023\/01\/shahadat-rahman-BfrQnKBulYQ-unsplash-2048x1365.jpg 2048w, https:\/\/bioseq.com.br\/wp-content\/uploads\/2023\/01\/shahadat-rahman-BfrQnKBulYQ-unsplash-600x400.jpg 600w\" data-sizes=\"(max-width: 2560px) 100vw, 2560px\" src=\"data:image\/svg+xml;base64,PHN2ZyB3aWR0aD0iMSIgaGVpZ2h0PSIxIiB4bWxucz0iaHR0cDovL3d3dy53My5vcmcvMjAwMC9zdmciPjwvc3ZnPg==\" style=\"--smush-placeholder-width: 2560px; --smush-placeholder-aspect-ratio: 2560\/1707;\" \/><\/div><\/div><\/figure><\/div><\/li><li class=\"kadence-blocks-gallery-item\" tabindex=\"0\"><div class=\"kadence-blocks-gallery-item-inner\"><figure class=\"kb-gallery-figure kadence-blocks-gallery-item-hide-caption\"><div class=\"kb-gal-image-radius\" style=\"max-width:2560px;\"><div class=\"kb-gallery-image-contain kadence-blocks-gallery-intrinsic\" style=\"padding-bottom:75%;\"><img decoding=\"async\" data-src=\"https:\/\/bioseq.com.br\/wp-content\/uploads\/2023\/01\/chris-liverani-dBI_My696Rk-unsplash-scaled.jpg\" width=\"2560\" height=\"1920\" alt=\"\" data-full-image=\"https:\/\/bioseq.com.br\/wp-content\/uploads\/2023\/01\/chris-liverani-dBI_My696Rk-unsplash-scaled.jpg\" data-light-image=\"https:\/\/bioseq.com.br\/wp-content\/uploads\/2023\/01\/chris-liverani-dBI_My696Rk-unsplash-scaled.jpg\" data-id=\"1614\" class=\"wp-image-1614 lazyload\" data-srcset=\"https:\/\/bioseq.com.br\/wp-content\/uploads\/2023\/01\/chris-liverani-dBI_My696Rk-unsplash-scaled.jpg 2560w, https:\/\/bioseq.com.br\/wp-content\/uploads\/2023\/01\/chris-liverani-dBI_My696Rk-unsplash-300x225.jpg 300w, https:\/\/bioseq.com.br\/wp-content\/uploads\/2023\/01\/chris-liverani-dBI_My696Rk-unsplash-1024x768.jpg 1024w, https:\/\/bioseq.com.br\/wp-content\/uploads\/2023\/01\/chris-liverani-dBI_My696Rk-unsplash-768x576.jpg 768w, https:\/\/bioseq.com.br\/wp-content\/uploads\/2023\/01\/chris-liverani-dBI_My696Rk-unsplash-1536x1152.jpg 1536w, https:\/\/bioseq.com.br\/wp-content\/uploads\/2023\/01\/chris-liverani-dBI_My696Rk-unsplash-2048x1536.jpg 2048w, https:\/\/bioseq.com.br\/wp-content\/uploads\/2023\/01\/chris-liverani-dBI_My696Rk-unsplash-600x450.jpg 600w\" data-sizes=\"(max-width: 2560px) 100vw, 2560px\" src=\"data:image\/svg+xml;base64,PHN2ZyB3aWR0aD0iMSIgaGVpZ2h0PSIxIiB4bWxucz0iaHR0cDovL3d3dy53My5vcmcvMjAwMC9zdmciPjwvc3ZnPg==\" style=\"--smush-placeholder-width: 2560px; --smush-placeholder-aspect-ratio: 2560\/1920;\" \/><\/div><\/div><\/figure><\/div><\/li><li class=\"kadence-blocks-gallery-item\" tabindex=\"0\"><div class=\"kadence-blocks-gallery-item-inner\"><figure class=\"kb-gallery-figure kadence-blocks-gallery-item-hide-caption\"><div class=\"kb-gal-image-radius\" style=\"max-width:2560px;\"><div class=\"kb-gallery-image-contain kadence-blocks-gallery-intrinsic\" style=\"padding-bottom:66%;\"><img decoding=\"async\" data-src=\"https:\/\/bioseq.com.br\/wp-content\/uploads\/2023\/01\/pexels-edward-jenner-4031321-scaled.jpg\" width=\"2560\" height=\"1707\" alt=\"\" data-full-image=\"https:\/\/bioseq.com.br\/wp-content\/uploads\/2023\/01\/pexels-edward-jenner-4031321-scaled.jpg\" data-light-image=\"https:\/\/bioseq.com.br\/wp-content\/uploads\/2023\/01\/pexels-edward-jenner-4031321-scaled.jpg\" data-id=\"1623\" class=\"wp-image-1623 lazyload\" data-srcset=\"https:\/\/bioseq.com.br\/wp-content\/uploads\/2023\/01\/pexels-edward-jenner-4031321-scaled.jpg 2560w, https:\/\/bioseq.com.br\/wp-content\/uploads\/2023\/01\/pexels-edward-jenner-4031321-300x200.jpg 300w, https:\/\/bioseq.com.br\/wp-content\/uploads\/2023\/01\/pexels-edward-jenner-4031321-1024x683.jpg 1024w, https:\/\/bioseq.com.br\/wp-content\/uploads\/2023\/01\/pexels-edward-jenner-4031321-768x512.jpg 768w, https:\/\/bioseq.com.br\/wp-content\/uploads\/2023\/01\/pexels-edward-jenner-4031321-1536x1024.jpg 1536w, https:\/\/bioseq.com.br\/wp-content\/uploads\/2023\/01\/pexels-edward-jenner-4031321-2048x1365.jpg 2048w, https:\/\/bioseq.com.br\/wp-content\/uploads\/2023\/01\/pexels-edward-jenner-4031321-600x400.jpg 600w\" data-sizes=\"(max-width: 2560px) 100vw, 2560px\" src=\"data:image\/svg+xml;base64,PHN2ZyB3aWR0aD0iMSIgaGVpZ2h0PSIxIiB4bWxucz0iaHR0cDovL3d3dy53My5vcmcvMjAwMC9zdmciPjwvc3ZnPg==\" style=\"--smush-placeholder-width: 2560px; --smush-placeholder-aspect-ratio: 2560\/1707;\" \/><\/div><\/div><\/figure><\/div><\/li><li class=\"kadence-blocks-gallery-item\" tabindex=\"0\"><div class=\"kadence-blocks-gallery-item-inner\"><figure class=\"kb-gallery-figure kadence-blocks-gallery-item-hide-caption\"><div class=\"kb-gal-image-radius\" style=\"max-width:2560px;\"><div class=\"kb-gallery-image-contain kadence-blocks-gallery-intrinsic\" style=\"padding-bottom:66%;\"><img decoding=\"async\" data-src=\"https:\/\/bioseq.com.br\/wp-content\/uploads\/2022\/09\/pexels-polina-tankilevitch-3735780-scaled.jpg\" width=\"2560\" height=\"1706\" alt=\"\" data-full-image=\"https:\/\/bioseq.com.br\/wp-content\/uploads\/2022\/09\/pexels-polina-tankilevitch-3735780-scaled.jpg\" data-light-image=\"https:\/\/bioseq.com.br\/wp-content\/uploads\/2022\/09\/pexels-polina-tankilevitch-3735780-scaled.jpg\" data-id=\"1061\" class=\"wp-image-1061 lazyload\" src=\"data:image\/svg+xml;base64,PHN2ZyB3aWR0aD0iMSIgaGVpZ2h0PSIxIiB4bWxucz0iaHR0cDovL3d3dy53My5vcmcvMjAwMC9zdmciPjwvc3ZnPg==\" style=\"--smush-placeholder-width: 2560px; --smush-placeholder-aspect-ratio: 2560\/1706;\" \/><\/div><\/div><\/figure><\/div><\/li><li class=\"kadence-blocks-gallery-item\" tabindex=\"0\"><div class=\"kadence-blocks-gallery-item-inner\"><figure class=\"kb-gallery-figure kadence-blocks-gallery-item-hide-caption\"><div class=\"kb-gal-image-radius\" style=\"max-width:2560px;\"><div class=\"kb-gallery-image-contain kadence-blocks-gallery-intrinsic\" style=\"padding-bottom:66%;\"><img decoding=\"async\" data-src=\"https:\/\/bioseq.com.br\/wp-content\/uploads\/2023\/01\/pexels-rfstudio-3825527-edited-1-scaled.jpg\" width=\"2560\" height=\"1706\" alt=\"\" data-full-image=\"https:\/\/bioseq.com.br\/wp-content\/uploads\/2023\/01\/pexels-rfstudio-3825527-edited-1-scaled.jpg\" data-light-image=\"https:\/\/bioseq.com.br\/wp-content\/uploads\/2023\/01\/pexels-rfstudio-3825527-edited-1-scaled.jpg\" data-id=\"1641\" class=\"wp-image-1641 lazyload\" data-srcset=\"https:\/\/bioseq.com.br\/wp-content\/uploads\/2023\/01\/pexels-rfstudio-3825527-edited-1-scaled.jpg 2560w, https:\/\/bioseq.com.br\/wp-content\/uploads\/2023\/01\/pexels-rfstudio-3825527-edited-1-300x200.jpg 300w, https:\/\/bioseq.com.br\/wp-content\/uploads\/2023\/01\/pexels-rfstudio-3825527-edited-1-1024x682.jpg 1024w, https:\/\/bioseq.com.br\/wp-content\/uploads\/2023\/01\/pexels-rfstudio-3825527-edited-1-768x512.jpg 768w, https:\/\/bioseq.com.br\/wp-content\/uploads\/2023\/01\/pexels-rfstudio-3825527-edited-1-1536x1024.jpg 1536w, https:\/\/bioseq.com.br\/wp-content\/uploads\/2023\/01\/pexels-rfstudio-3825527-edited-1-2048x1365.jpg 2048w\" data-sizes=\"(max-width: 2560px) 100vw, 2560px\" src=\"data:image\/svg+xml;base64,PHN2ZyB3aWR0aD0iMSIgaGVpZ2h0PSIxIiB4bWxucz0iaHR0cDovL3d3dy53My5vcmcvMjAwMC9zdmciPjwvc3ZnPg==\" style=\"--smush-placeholder-width: 2560px; --smush-placeholder-aspect-ratio: 2560\/1706;\" \/><\/div><\/div><\/figure><\/div><\/li><\/ul><\/div><\/div><\/div>\n<\/div><\/div><\/div>\n\n\n<style>.wp-block-kadence-spacer.kt-block-spacer-_d69798-9b .kt-block-spacer{height:60px;}.wp-block-kadence-spacer.kt-block-spacer-_d69798-9b .kt-divider{border-top-width:1px;height:1px;border-top-color:#eee;width:80%;border-top-style:solid;}<\/style>\n<div class=\"wp-block-kadence-spacer aligncenter kt-block-spacer-_d69798-9b ticss-928e3f46 hideonmobile\"><div class=\"kt-block-spacer kt-block-spacer-halign-center\"><hr class=\"kt-divider\"\/><\/div><\/div>\n\n\n\n<p style=\"font-size:20px\">Os cursos e treinamentos podem ser customizados de acordo com as suas demandas espec\u00edficas. <a href=\"https:\/\/bioseq.com.br\/index.php\/contato\/\">Converse<\/a> com a gente e teremos prazer em adequar os temas e a profundidade de ensino aos seus objetivos.<\/p>\n","protected":false},"excerpt":{"rendered":"<p>Oferecemos cursos e treinamentos especializados nas \u00e1reas de biologia molecular, gen\u00f4mica, transcript\u00f4mica, bioinform\u00e1tica e afins. Abordamos desde conceitos b\u00e1sicos at\u00e9 avan\u00e7ados, tanto te\u00f3ricos quanto pr\u00e1ticos, sobre procedimentos laboratoriais e an\u00e1lise de dados. O conte\u00fado espec\u00edfico de cada curso pode ser customizado de acordo com as suas necessidades. Abaixo listamos alguns dos t\u00f3picos que normalmente inclu\u00edmos&#8230;<\/p>\n","protected":false},"author":1,"featured_media":0,"parent":1645,"menu_order":0,"comment_status":"closed","ping_status":"closed","template":"","meta":{"_monsterinsights_skip_tracking":false,"_monsterinsights_sitenote_active":false,"_monsterinsights_sitenote_note":"","_monsterinsights_sitenote_category":0,"_themeisle_gutenberg_block_has_review":false,"_kadence_starter_templates_imported_post":false,"_kad_post_transparent":"","_kad_post_title":"","_kad_post_layout":"","_kad_post_sidebar_id":"","_kad_post_content_style":"","_kad_post_vertical_padding":"","_kad_post_feature":"","_kad_post_feature_position":"","_kad_post_header":false,"_kad_post_footer":false,"_kad_post_classname":"","footnotes":""},"class_list":["post-1536","page","type-page","status-publish","hentry"],"_links":{"self":[{"href":"https:\/\/bioseq.com.br\/index.php\/wp-json\/wp\/v2\/pages\/1536","targetHints":{"allow":["GET"]}}],"collection":[{"href":"https:\/\/bioseq.com.br\/index.php\/wp-json\/wp\/v2\/pages"}],"about":[{"href":"https:\/\/bioseq.com.br\/index.php\/wp-json\/wp\/v2\/types\/page"}],"author":[{"embeddable":true,"href":"https:\/\/bioseq.com.br\/index.php\/wp-json\/wp\/v2\/users\/1"}],"replies":[{"embeddable":true,"href":"https:\/\/bioseq.com.br\/index.php\/wp-json\/wp\/v2\/comments?post=1536"}],"version-history":[{"count":14,"href":"https:\/\/bioseq.com.br\/index.php\/wp-json\/wp\/v2\/pages\/1536\/revisions"}],"predecessor-version":[{"id":2230,"href":"https:\/\/bioseq.com.br\/index.php\/wp-json\/wp\/v2\/pages\/1536\/revisions\/2230"}],"up":[{"embeddable":true,"href":"https:\/\/bioseq.com.br\/index.php\/wp-json\/wp\/v2\/pages\/1645"}],"wp:attachment":[{"href":"https:\/\/bioseq.com.br\/index.php\/wp-json\/wp\/v2\/media?parent=1536"}],"curies":[{"name":"wp","href":"https:\/\/api.w.org\/{rel}","templated":true}]}}