{"id":1581,"date":"2023-01-27T15:53:27","date_gmt":"2023-01-27T18:53:27","guid":{"rendered":"https:\/\/bioseq.com.br\/?page_id=1581"},"modified":"2023-03-19T16:51:00","modified_gmt":"2023-03-19T19:51:00","slug":"consultoria","status":"publish","type":"page","link":"https:\/\/bioseq.com.br\/index.php\/servicos\/consultoria\/","title":{"rendered":"Consultoria"},"content":{"rendered":"\n<p style=\"font-size:20px\">Nosso servi\u00e7o de consultoria t\u00e9cnica especializada te auxiliar\u00e1 em todas as fases do seu projeto:<\/p>\n\n\n\n<div style=\"height:40px\" aria-hidden=\"true\" class=\"wp-block-spacer ticss-fdfe8d82 hideonmobile\"><\/div>\n\n\n<style>.kb-row-layout-id_d9456a-d0 > .kt-row-column-wrap{align-content:center;}:where(.kb-row-layout-id_d9456a-d0 > .kt-row-column-wrap) > .wp-block-kadence-column{justify-content:center;}.kb-row-layout-id_d9456a-d0 > .kt-row-column-wrap{column-gap:80px;row-gap:var(--global-kb-gap-md, 2rem);max-width:var( --global-content-width, 1290px );padding-left:var(--global-content-edge-padding);padding-right:var(--global-content-edge-padding);padding-top:0px;padding-bottom:0px;grid-template-columns:minmax(0, calc(75% - ((80px * 1 )\/2)))minmax(0, calc(25% - ((80px * 1 )\/2)));}.kb-row-layout-id_d9456a-d0{border-top-left-radius:0px;border-top-right-radius:0px;border-bottom-right-radius:0px;border-bottom-left-radius:0px;}.kb-row-layout-id_d9456a-d0 > .kt-row-layout-overlay{opacity:0.30;}.kb-row-layout-id_d9456a-d0 .kt-row-layout-bottom-sep{height:100px;}.kb-row-layout-id_d9456a-d0 .kt-row-layout-bottom-sep svg{width:100%;}.kb-row-layout-id_d9456a-d0 .kt-row-layout-bottom-sep svg{fill:#ffffff!important;}@media all and (max-width: 1024px){.kb-row-layout-id_d9456a-d0 > .kt-row-column-wrap{grid-template-columns:repeat(2, minmax(0, 1fr));}}@media all and (max-width: 1024px){.kb-row-layout-id_d9456a-d0 .kt-row-layout-bottom-sep{height:px;}}@media all and (max-width: 1024px){.kb-row-layout-id_d9456a-d0 .kt-row-layout-bottom-sep svg{width:%;}}@media all and (max-width: 767px){.kb-row-layout-id_d9456a-d0 > .kt-row-column-wrap{padding-top:30px;grid-template-columns:minmax(0, 1fr);}.kb-row-layout-id_d9456a-d0 .kt-row-layout-bottom-sep{height:px;}.kb-row-layout-id_d9456a-d0 .kt-row-layout-bottom-sep svg{width:%;}}<\/style><div class=\"kb-row-layout-wrap kb-row-layout-id_d9456a-d0 alignnone wp-block-kadence-rowlayout\"><div class=\"kt-row-column-wrap kt-has-2-columns kt-row-layout-equal kt-tab-layout-inherit kt-mobile-layout-row kt-row-valign-middle kb-theme-content-width\">\n<style>.kadence-column_0e2f7a-28 > .kt-inside-inner-col,.kadence-column_0e2f7a-28 > .kt-inside-inner-col:before{border-top-left-radius:0px;border-top-right-radius:0px;border-bottom-right-radius:0px;border-bottom-left-radius:0px;}.kadence-column_0e2f7a-28 > .kt-inside-inner-col{column-gap:var(--global-kb-gap-sm, 1rem);}.kadence-column_0e2f7a-28 > .kt-inside-inner-col{flex-direction:column;}.kadence-column_0e2f7a-28 > .kt-inside-inner-col > .aligncenter{width:100%;}.kadence-column_0e2f7a-28 > .kt-inside-inner-col:before{opacity:0.3;}.kadence-column_0e2f7a-28{position:relative;}@media all and (max-width: 1024px){.kadence-column_0e2f7a-28 > .kt-inside-inner-col{flex-direction:column;justify-content:center;}}@media all and (max-width: 767px){.kadence-column_0e2f7a-28 > .kt-inside-inner-col{flex-direction:column;justify-content:center;}}<\/style>\n<div class=\"wp-block-kadence-column kadence-column_0e2f7a-28 inner-column-1\"><div class=\"kt-inside-inner-col\">\n<div class=\"wp-block-columns is-layout-flex wp-container-core-columns-is-layout-9d6595d7 wp-block-columns-is-layout-flex\">\n<div class=\"wp-block-column is-layout-flow wp-block-column-is-layout-flow\" style=\"flex-basis:100%\">\n<div class=\"wp-block-group\"><div class=\"wp-block-group__inner-container is-layout-constrained wp-block-group-is-layout-constrained\">\n<div class=\"wp-block-columns is-layout-flex wp-container-core-columns-is-layout-9d6595d7 wp-block-columns-is-layout-flex\">\n<div class=\"wp-block-column is-layout-flow wp-block-column-is-layout-flow\" style=\"flex-basis:100%\"><style>.kb-row-layout-id_265871-de > .kt-row-column-wrap{align-content:start;}:where(.kb-row-layout-id_265871-de > .kt-row-column-wrap) > .wp-block-kadence-column{justify-content:start;}.kb-row-layout-id_265871-de > .kt-row-column-wrap{column-gap:var(--global-kb-gap-md, 2rem);row-gap:var(--global-kb-gap-none, 0rem );padding-top:0px;padding-bottom:0px;grid-template-columns:minmax(0, 1fr);}.kb-row-layout-id_265871-de > .kt-row-layout-overlay{opacity:0.30;}@media all and (max-width: 1024px){.kb-row-layout-id_265871-de > .kt-row-column-wrap{grid-template-columns:minmax(0, 1fr);}}@media all and (max-width: 767px){.kb-row-layout-id_265871-de > .kt-row-column-wrap{grid-template-columns:minmax(0, 1fr);}}<\/style><div class=\"kb-row-layout-wrap kb-row-layout-id_265871-de alignnone wp-block-kadence-rowlayout\"><div class=\"kt-row-column-wrap kt-has-1-columns kt-row-layout-equal kt-tab-layout-inherit kt-mobile-layout-row kt-row-valign-top\">\n<style>.kadence-column_90b3f1-fd > .kt-inside-inner-col,.kadence-column_90b3f1-fd > .kt-inside-inner-col:before{border-top-left-radius:0px;border-top-right-radius:0px;border-bottom-right-radius:0px;border-bottom-left-radius:0px;}.kadence-column_90b3f1-fd > .kt-inside-inner-col{column-gap:var(--global-kb-gap-sm, 1rem);}.kadence-column_90b3f1-fd > .kt-inside-inner-col{flex-direction:column;}.kadence-column_90b3f1-fd > .kt-inside-inner-col > .aligncenter{width:100%;}.kadence-column_90b3f1-fd > .kt-inside-inner-col:before{opacity:0.3;}.kadence-column_90b3f1-fd{position:relative;}@media all and (max-width: 1024px){.kadence-column_90b3f1-fd > .kt-inside-inner-col{flex-direction:column;justify-content:center;}}@media all and (max-width: 767px){.kadence-column_90b3f1-fd > .kt-inside-inner-col{flex-direction:column;justify-content:center;}}<\/style>\n<div class=\"wp-block-kadence-column kadence-column_90b3f1-fd inner-column-1\"><div class=\"kt-inside-inner-col\">\n<div class=\"wp-block-group\"><div class=\"wp-block-group__inner-container is-layout-constrained wp-block-group-is-layout-constrained\">\n<h2 class=\"wp-block-heading\"><em>Design<\/em> de experimentos<\/h2>\n\n\n\n<p>Auxiliamos no <em>design<\/em> do seu experimento de modo a otimizar as chances de obten\u00e7\u00e3o de bons resultados tanto na etapa de sequenciamento gen\u00e9tico quanto na posterior an\u00e1lise de dados.<\/p>\n\n\n\n<h2 class=\"wp-block-heading\">Biologia molecular e sequenciamento<\/h2>\n\n\n\n<p>Prestamos aux\u00edlio te\u00f3rico e pr\u00e1tico nas etapas laboratoriais associadas ao sequenciamento gen\u00e9tico, seja ele de DNA ou RNA, utilizando metodologias de nova gera\u00e7\u00e3o (NGS) ou tradicionais (Sanger).<\/p>\n\n\n\n<h2 class=\"wp-block-heading\">Bioinform\u00e1tica<\/h2>\n\n\n\n<p>Auxiliamos no processamento e an\u00e1lise de dados. Nossa equipe est\u00e1 capacitada para prestar aux\u00edlio especializado em uma gama de t\u00f3picos, incluindo controle de qualidade de dados, mapeamento de reads, montagem e anota\u00e7\u00e3o de genomas e transcriptomas, montagem e anota\u00e7\u00e3o de metagenomas, an\u00e1lise de express\u00e3o g\u00eanica diferencial, chamada de variantes, gen\u00e9tica de popula\u00e7\u00f5es e an\u00e1lise de microssat\u00e9lites, dentre outros.<\/p>\n<\/div><\/div>\n<\/div><\/div>\n\n<\/div><\/div><\/div>\n<\/div>\n<\/div><\/div>\n<\/div>\n<\/div>\n<\/div><\/div>\n\n\n<style>.kadence-column_64ada6-90 > .kt-inside-inner-col{display:flex;}.kadence-column_64ada6-90 > .kt-inside-inner-col,.kadence-column_64ada6-90 > .kt-inside-inner-col:before{border-top-left-radius:0px;border-top-right-radius:0px;border-bottom-right-radius:0px;border-bottom-left-radius:0px;}.kadence-column_64ada6-90 > .kt-inside-inner-col{column-gap:var(--global-kb-gap-sm, 1rem);}.kadence-column_64ada6-90 > .kt-inside-inner-col{flex-direction:column;justify-content:center;}.kadence-column_64ada6-90 > .kt-inside-inner-col > .aligncenter{width:100%;}.kt-row-column-wrap > .kadence-column_64ada6-90{align-self:center;}.kt-inner-column-height-full:not(.kt-has-1-columns) > .wp-block-kadence-column.kadence-column_64ada6-90{align-self:auto;}.kt-inner-column-height-full:not(.kt-has-1-columns) > .wp-block-kadence-column.kadence-column_64ada6-90 > .kt-inside-inner-col{flex-direction:column;justify-content:center;}.kadence-column_64ada6-90 > .kt-inside-inner-col:before{opacity:0.3;}.kadence-column_64ada6-90{position:relative;}@media all and (max-width: 1024px){.kt-row-column-wrap > .kadence-column_64ada6-90{align-self:center;}}@media all and (max-width: 1024px){.kt-inner-column-height-full:not(.kt-has-1-columns) > .wp-block-kadence-column.kadence-column_64ada6-90{align-self:auto;}}@media all and (max-width: 1024px){.kt-inner-column-height-full:not(.kt-has-1-columns) > .wp-block-kadence-column.kadence-column_64ada6-90 > .kt-inside-inner-col{flex-direction:column;justify-content:center;}}@media all and (max-width: 1024px){.kadence-column_64ada6-90 > .kt-inside-inner-col{flex-direction:column;justify-content:center;}}@media all and (max-width: 767px){.kt-row-column-wrap > .kadence-column_64ada6-90{align-self:center;}.kt-inner-column-height-full:not(.kt-has-1-columns) > .wp-block-kadence-column.kadence-column_64ada6-90{align-self:auto;}.kt-inner-column-height-full:not(.kt-has-1-columns) > .wp-block-kadence-column.kadence-column_64ada6-90 > .kt-inside-inner-col{flex-direction:column;justify-content:center;}.kadence-column_64ada6-90 > .kt-inside-inner-col{flex-direction:column;justify-content:center;}}<\/style>\n<div class=\"wp-block-kadence-column kadence-column_64ada6-90 inner-column-2\"><div class=\"kt-inside-inner-col\"><style type=\"text\/css\">.otter-masonry .blocks-gallery-grid .blocks-gallery-item img{ width:100% }<\/style><div class=\"otter-masonry\" data-margin=\"9\">\n<figure class=\"wp-block-gallery has-nested-images columns-1 is-cropped wp-block-gallery-1 is-layout-flex wp-block-gallery-is-layout-flex\" style=\"padding-top:0;padding-right:0;padding-bottom:0;padding-left:0\">\n<figure class=\"wp-block-image size-full\"><img decoding=\"async\" width=\"761\" height=\"497\" data-id=\"1139\" data-src=\"https:\/\/bioseq.com.br\/wp-content\/uploads\/2022\/10\/austin-distel-wD1LRb9O12eEo-unsplash-edited.jpg\" alt=\"\" class=\"wp-image-1139 lazyload\" data-srcset=\"https:\/\/bioseq.com.br\/wp-content\/uploads\/2022\/10\/austin-distel-wD1LRb9O12eEo-unsplash-edited.jpg 761w, https:\/\/bioseq.com.br\/wp-content\/uploads\/2022\/10\/austin-distel-wD1LRb9O12eEo-unsplash-edited-300x196.jpg 300w, https:\/\/bioseq.com.br\/wp-content\/uploads\/2022\/10\/austin-distel-wD1LRb9O12eEo-unsplash-edited-600x392.jpg 600w\" data-sizes=\"(max-width: 761px) 100vw, 761px\" src=\"data:image\/svg+xml;base64,PHN2ZyB3aWR0aD0iMSIgaGVpZ2h0PSIxIiB4bWxucz0iaHR0cDovL3d3dy53My5vcmcvMjAwMC9zdmciPjwvc3ZnPg==\" style=\"--smush-placeholder-width: 761px; --smush-placeholder-aspect-ratio: 761\/497;\" \/><\/figure>\n\n\n\n<figure class=\"wp-block-image size-large\"><img decoding=\"async\" width=\"1024\" height=\"683\" data-id=\"1060\" data-src=\"https:\/\/bioseq.com.br\/wp-content\/uploads\/2022\/09\/pexels-polina-tankilevitch-3735747-1024x683.jpg\" alt=\"\" class=\"wp-image-1060 lazyload\" data-srcset=\"https:\/\/bioseq.com.br\/wp-content\/uploads\/2022\/09\/pexels-polina-tankilevitch-3735747-1024x683.jpg 1024w, https:\/\/bioseq.com.br\/wp-content\/uploads\/2022\/09\/pexels-polina-tankilevitch-3735747-300x200.jpg 300w, https:\/\/bioseq.com.br\/wp-content\/uploads\/2022\/09\/pexels-polina-tankilevitch-3735747-768x512.jpg 768w, https:\/\/bioseq.com.br\/wp-content\/uploads\/2022\/09\/pexels-polina-tankilevitch-3735747-1536x1024.jpg 1536w, https:\/\/bioseq.com.br\/wp-content\/uploads\/2022\/09\/pexels-polina-tankilevitch-3735747-2048x1365.jpg 2048w, https:\/\/bioseq.com.br\/wp-content\/uploads\/2022\/09\/pexels-polina-tankilevitch-3735747-600x400.jpg 600w\" data-sizes=\"(max-width: 1024px) 100vw, 1024px\" src=\"data:image\/svg+xml;base64,PHN2ZyB3aWR0aD0iMSIgaGVpZ2h0PSIxIiB4bWxucz0iaHR0cDovL3d3dy53My5vcmcvMjAwMC9zdmciPjwvc3ZnPg==\" style=\"--smush-placeholder-width: 1024px; --smush-placeholder-aspect-ratio: 1024\/683;\" \/><\/figure>\n\n\n\n<figure class=\"wp-block-image size-large\"><img decoding=\"async\" width=\"1024\" height=\"683\" data-id=\"1220\" data-src=\"https:\/\/bioseq.com.br\/wp-content\/uploads\/2022\/10\/computador-1024x683.jpeg\" alt=\"\" class=\"wp-image-1220 lazyload\" data-srcset=\"https:\/\/bioseq.com.br\/wp-content\/uploads\/2022\/10\/computador-1024x683.jpeg 1024w, https:\/\/bioseq.com.br\/wp-content\/uploads\/2022\/10\/computador-300x200.jpeg 300w, https:\/\/bioseq.com.br\/wp-content\/uploads\/2022\/10\/computador-768x512.jpeg 768w, https:\/\/bioseq.com.br\/wp-content\/uploads\/2022\/10\/computador-1536x1024.jpeg 1536w, https:\/\/bioseq.com.br\/wp-content\/uploads\/2022\/10\/computador-2048x1365.jpeg 2048w, https:\/\/bioseq.com.br\/wp-content\/uploads\/2022\/10\/computador-600x400.jpeg 600w\" data-sizes=\"(max-width: 1024px) 100vw, 1024px\" src=\"data:image\/svg+xml;base64,PHN2ZyB3aWR0aD0iMSIgaGVpZ2h0PSIxIiB4bWxucz0iaHR0cDovL3d3dy53My5vcmcvMjAwMC9zdmciPjwvc3ZnPg==\" style=\"--smush-placeholder-width: 1024px; --smush-placeholder-aspect-ratio: 1024\/683;\" \/><\/figure>\n<\/figure>\n<\/div><\/div><\/div>\n\n<\/div><\/div>\n\n<style>.wp-block-kadence-spacer.kt-block-spacer-_9673c5-b8 .kt-block-spacer{height:60px;}.wp-block-kadence-spacer.kt-block-spacer-_9673c5-b8 .kt-divider{border-top-width:1px;height:1px;border-top-color:#eee;width:80%;border-top-style:solid;}<\/style>\n<div class=\"wp-block-kadence-spacer aligncenter kt-block-spacer-_9673c5-b8\"><div class=\"kt-block-spacer kt-block-spacer-halign-center\"><hr class=\"kt-divider\"\/><\/div><\/div>\n\n\n\n<p style=\"font-size:20px\"><a href=\"https:\/\/bioseq.com.br\/index.php\/contato\/\" title=\"\">Conte-nos<\/a> sobre o seu projeto e teremos prazer em desenvolver uma solu\u00e7\u00e3o customizada para as suas demandas. <\/p>\n\n\n\n<p style=\"font-size:20px\">Necessita de uma capacita\u00e7\u00e3o mais extensa na forma de um curso ou treinamento? Veja <a href=\"https:\/\/bioseq.com.br\/index.php\/servicos\/cursos-e-treinamentos\/\" title=\"Cursos e treinamentos\">aqui<\/a> as nossas solu\u00e7\u00f5es para voc\u00ea.<\/p>\n","protected":false},"excerpt":{"rendered":"<p>Nosso servi\u00e7o de consultoria t\u00e9cnica especializada te auxiliar\u00e1 em todas as fases do seu projeto: Design de experimentos Auxiliamos no design do seu experimento de modo a otimizar as chances de obten\u00e7\u00e3o de bons resultados tanto na etapa de sequenciamento gen\u00e9tico quanto na posterior an\u00e1lise de dados. Biologia molecular e sequenciamento Prestamos aux\u00edlio te\u00f3rico e&#8230;<\/p>\n","protected":false},"author":1,"featured_media":0,"parent":1645,"menu_order":0,"comment_status":"closed","ping_status":"closed","template":"","meta":{"_monsterinsights_skip_tracking":false,"_monsterinsights_sitenote_active":false,"_monsterinsights_sitenote_note":"","_monsterinsights_sitenote_category":0,"_themeisle_gutenberg_block_has_review":false,"_kadence_starter_templates_imported_post":false,"_kad_post_transparent":"","_kad_post_title":"","_kad_post_layout":"","_kad_post_sidebar_id":"","_kad_post_content_style":"","_kad_post_vertical_padding":"","_kad_post_feature":"","_kad_post_feature_position":"","_kad_post_header":false,"_kad_post_footer":false,"_kad_post_classname":"","footnotes":""},"class_list":["post-1581","page","type-page","status-publish","hentry"],"_links":{"self":[{"href":"https:\/\/bioseq.com.br\/index.php\/wp-json\/wp\/v2\/pages\/1581","targetHints":{"allow":["GET"]}}],"collection":[{"href":"https:\/\/bioseq.com.br\/index.php\/wp-json\/wp\/v2\/pages"}],"about":[{"href":"https:\/\/bioseq.com.br\/index.php\/wp-json\/wp\/v2\/types\/page"}],"author":[{"embeddable":true,"href":"https:\/\/bioseq.com.br\/index.php\/wp-json\/wp\/v2\/users\/1"}],"replies":[{"embeddable":true,"href":"https:\/\/bioseq.com.br\/index.php\/wp-json\/wp\/v2\/comments?post=1581"}],"version-history":[{"count":14,"href":"https:\/\/bioseq.com.br\/index.php\/wp-json\/wp\/v2\/pages\/1581\/revisions"}],"predecessor-version":[{"id":1984,"href":"https:\/\/bioseq.com.br\/index.php\/wp-json\/wp\/v2\/pages\/1581\/revisions\/1984"}],"up":[{"embeddable":true,"href":"https:\/\/bioseq.com.br\/index.php\/wp-json\/wp\/v2\/pages\/1645"}],"wp:attachment":[{"href":"https:\/\/bioseq.com.br\/index.php\/wp-json\/wp\/v2\/media?parent=1581"}],"curies":[{"name":"wp","href":"https:\/\/api.w.org\/{rel}","templated":true}]}}